


{"id":28930,"date":"2026-04-07T14:25:26","date_gmt":"2026-04-07T12:25:26","guid":{"rendered":"https:\/\/www.gonvarri.com\/?page_id=28930"},"modified":"2026-04-27T14:01:19","modified_gmt":"2026-04-27T12:01:19","slug":"report-2025-about-this-report","status":"publish","type":"page","link":"https:\/\/www.gonvarri.com\/en\/commitment-to-sustainability\/report-2025-about-this-report\/","title":{"rendered":"Report 2025 &#8211; About this report"},"content":{"rendered":"\t\t<div data-elementor-type=\"wp-page\" data-elementor-id=\"28930\" class=\"elementor elementor-28930 elementor-27803\" data-elementor-post-type=\"page\">\n\t\t\t\t<div class=\"elementor-element elementor-element-5e73e0f e-con-full animated-slow e-flex elementor-invisible e-con e-child\" data-id=\"5e73e0f\" data-element_type=\"container\" data-settings=\"{&quot;animation&quot;:&quot;fadeIn&quot;}\">\n\t\t\t\t<div class=\"elementor-element elementor-element-4388f73 elementor-widget elementor-widget-text-editor\" data-id=\"4388f73\" data-element_type=\"widget\" data-widget_type=\"text-editor.default\">\n\t\t\t\t\t\t\t\t\t<h5>&nbsp;<span style=\"color: inherit; font-family: inherit; font-size: 1.25rem; text-align: center;\">SUSTAINABILITY REPORT 2025<\/span><\/h5><div><span style=\"color: inherit; font-family: inherit; font-size: 1.25rem; text-align: center;\"><br><\/span><\/div>\t\t\t\t\t\t\t\t<\/div>\n\t\t\t\t<div class=\"elementor-element elementor-element-4e422b6 elementor-widget elementor-widget-heading\" data-id=\"4e422b6\" data-element_type=\"widget\" data-widget_type=\"heading.default\">\n\t\t\t\t\t<h2 class=\"elementor-heading-title elementor-size-default\"><p style=\"margin: 0px; font-style: normal; font-variant: normal; font-size-adjust: none; font-language-override: normal; font-kerning: auto; font-optical-sizing: auto; font-feature-settings: normal; font-variation-settings: normal; font-stretch: normal; font-size: 30px; line-height: normal; font-family: Helvetica; color: rgb(29, 83, 131); white-space: normal;\"><span style=\"color: rgb(0, 83, 128); font-family: Ubuntu; font-size: 58px; white-space: pre-wrap;\">About this report<\/span><span style=\"color: rgb(0, 83, 128); font-family: Ubuntu; font-size: 58px; white-space: pre-wrap;\"><\/span><\/p><\/h2>\t\t\t\t<\/div>\n\t\t\t\t<\/div>\n\t\t<div class=\"elementor-element elementor-element-3967e67 e-flex e-con-boxed e-con e-parent\" data-id=\"3967e67\" data-element_type=\"container\">\n\t\t\t\t\t<div class=\"e-con-inner\">\n\t\t<div class=\"elementor-element elementor-element-68ee225 e-flex e-con-boxed e-con e-child\" data-id=\"68ee225\" data-element_type=\"container\">\n\t\t\t\t\t<div class=\"e-con-inner\">\n\t\t\t\t<div class=\"elementor-element elementor-element-f4faec1 elementor-widget elementor-widget-button\" data-id=\"f4faec1\" data-element_type=\"widget\" data-widget_type=\"button.default\">\n\t\t\t\t\t\t\t\t\t\t<a class=\"elementor-button elementor-button-link elementor-size-sm\" href=\"#\">\n\t\t\t\t\t\t<span class=\"elementor-button-content-wrapper\">\n\t\t\t\t\t\t\t\t\t<span class=\"elementor-button-text\">CONTENIDO 2-3 y 2-4<\/span>\n\t\t\t\t\t<\/span>\n\t\t\t\t\t<\/a>\n\t\t\t\t\t\t\t\t<\/div>\n\t\t\t\t<div class=\"elementor-element elementor-element-353e93d elementor-widget elementor-widget-text-editor\" data-id=\"353e93d\" data-element_type=\"widget\" data-widget_type=\"text-editor.default\">\n\t\t\t\t\t\t\t\t\t<h2>Datos de la compa\u00f1\u00eda<\/h2>\n<p>Raz\u00f3n social. Gonvarri Corporaci\u00f3n Financiera S.L.<br>Domicilio social y fiscal: C\/ Embajadores s\/n, Madrid.<br>Gonvarri Corporaci\u00f3n Financiera S.L. y sus sociedades dependientes forman el Grupo Gonvarri (en adelante Gonvarri Industries, Gonvarri o el grupo).<br>El grupo est\u00e1 integrado en el Grupo Holding Gonvarri, S.L. cuya sociedad dominante es el Holding Gonvarri, S.L. La sociedad Acek Desarrollo y Gesti\u00f3n Industrial, S.L es la holding \u00faltima que controla el grupo con una participaci\u00f3n directa e indirecta del 65%.<\/p>\n<h2>Per\u00edodo de reporte<\/h2>\n<p>El per\u00edodo de reporte coincide con el ejercicio de las cuentas anuales del grupo, es decir, recoge la informaci\u00f3n comprendida entre el 1 de enero y el 31 de diciembre de 2025.<\/p>\n<h2>Per\u00edmetro de la Memoria<\/h2>\n<p>Se realiza bajo el enfoque de control (financiero y operacional) e incluye a todas las sociedades del grupo con actividad industrial, as\u00ed como algunas sociedades de \u00edndole comercial, sin entidad relevante. Adem\u00e1s, siguiendo el criterio de materialidad, se incluye tambi\u00e9n las f\u00e1bricas del Grupo Vama Gonvarri Automotive Solutions en China.<\/p>\n<p>Respecto al ejercicio 2024, se incorporan al per\u00edmetro de la Memoria de Sostenibilidad Rejillas Calibradas, S.L. y dependientes (SIMA, L\u00e1mina Perforada, Chapa Perforada, Perfometal) y la f\u00e1brica de Resende, en Brasil, donde mantenemos una participaci\u00f3n del 25% y contamos con el control operacional. Ninguna de estas incorporaciones ha requerido el rec\u00e1lculo del a\u00f1o base.<\/p>\n<p>Respecto al 2024, sale del per\u00edmetro de reporte Addimen Bizkaia.<\/p>\n<p>En el anexo V de la presente memoria se detallan las sociedades incluidas en el grupo. En el apartado de \u201cpresencia global\u201d de esta Memoria, se detallan las sociedades con actividad industrial incluidas y excluidas en la Memoria.<\/p>\n<h2>Diferencias entre per\u00edmetro de la Memoria y Cuentas Anuales<\/h2>\n<p>Para las sociedades con actividad industrial, integradas por puesta en equivalencia en las CCAA y que a su vez se han incluido en la Memoria de Sostenibilidad, el criterio de consolidaci\u00f3n ha sido el de integraci\u00f3n global. Este criterio aplica a las sociedades del grupo Gonvvama (Changshu, Chongqing, Shenyang y Loudi) y Resende.<\/p>\n<h2>Metodolog\u00eda del informe<\/h2>\n<p>Este informe se ha elaborado siguiendo las directrices de Global Reporting Initiative (GRI). Para su redacci\u00f3n se han tomado en consideraci\u00f3n los estados financieros formulados por el Consejo de Administraci\u00f3n, auditados, as\u00ed como la informaci\u00f3n proporcionada por los negocios y \u00e1reas corporativas en relaci\u00f3n con el modelo de negocio, los retos y los riesgos a los que se enfrenta la compa\u00f1\u00eda, su desempe\u00f1o social, ambiental, econ\u00f3mico y de gobierno. Las organizaciones participantes garantizan la integridad de la informaci\u00f3n incluida en esta Memoria.<\/p>\n<h2>Cambios significativos<\/h2>\n<p>En el marco del Plan Carbon Neutral y el sistema de control y revisi\u00f3n continua de datos energ\u00e9ticos y de emisiones del Grupo Gonvarri, durante 2025 se identificaron ajustes menores en algunos consumos energ\u00e9ticos correspondientes a ejercicios anteriores que han sido actualizados en las tablas de esta memoria. Tras su an\u00e1lisis, estos ajustes representan menos del 5% del consumo energ\u00e9tico total del Grupo, y no modifican las tendencias, conclusiones ni el desempe\u00f1o clim\u00e1tico reportado en la Memoria 2024.<\/p>\n<p>Autor del informe<br>Departamento de Sostenibilidad de Gonvarri Industries.<br>M\u00e1s informaci\u00f3n<\/p>\n<p>Para cuestiones de tipo general sobre este informe pueden dirigirse a:<br>sostenibilidad@gonvarri.com <br>Tel\u00e9fono: +34 91 379 10 00<br>Prolongaci\u00f3n de Embajadores s\/n. 28053 Madrid<br>INFORME DE SOSTENIBILIDAD 2025<br>\u00a9 2026 Gonvarri Corporaci\u00f3n Financiera, S.L. Todos los derechos reservados.<\/p>\t\t\t\t\t\t\t\t<\/div>\n\t\t\t\t\t<\/div>\n\t\t\t\t<\/div>\n\t\t\t\t\t<\/div>\n\t\t\t\t<\/div>\n\t\t\t\t<\/div>\n\t\t","protected":false},"excerpt":{"rendered":"<p>&nbsp;SUSTAINABILITY REPORT 2025 About this report CONTENIDO 2-3 y 2-4 Datos de la compa\u00f1\u00eda Raz\u00f3n social. Gonvarri Corporaci\u00f3n Financiera S.L.Domicilio social y fiscal: C\/ Embajadores s\/n, Madrid.Gonvarri Corporaci\u00f3n Financiera S.L. y sus sociedades dependientes forman el Grupo Gonvarri (en adelante Gonvarri Industries, Gonvarri o el grupo).El grupo est\u00e1 integrado en el Grupo Holding Gonvarri, S.L. [&hellip;]<\/p>\n","protected":false},"author":11,"featured_media":0,"parent":11819,"menu_order":0,"comment_status":"closed","ping_status":"closed","template":"","meta":{"_acf_changed":false,"footnotes":""},"class_list":["post-28930","page","type-page","status-publish","hentry"],"acf":[],"_links":{"self":[{"href":"https:\/\/www.gonvarri.com\/en\/wp-json\/wp\/v2\/pages\/28930","targetHints":{"allow":["GET"]}}],"collection":[{"href":"https:\/\/www.gonvarri.com\/en\/wp-json\/wp\/v2\/pages"}],"about":[{"href":"https:\/\/www.gonvarri.com\/en\/wp-json\/wp\/v2\/types\/page"}],"author":[{"embeddable":true,"href":"https:\/\/www.gonvarri.com\/en\/wp-json\/wp\/v2\/users\/11"}],"replies":[{"embeddable":true,"href":"https:\/\/www.gonvarri.com\/en\/wp-json\/wp\/v2\/comments?post=28930"}],"version-history":[{"count":6,"href":"https:\/\/www.gonvarri.com\/en\/wp-json\/wp\/v2\/pages\/28930\/revisions"}],"predecessor-version":[{"id":29051,"href":"https:\/\/www.gonvarri.com\/en\/wp-json\/wp\/v2\/pages\/28930\/revisions\/29051"}],"up":[{"embeddable":true,"href":"https:\/\/www.gonvarri.com\/en\/wp-json\/wp\/v2\/pages\/11819"}],"wp:attachment":[{"href":"https:\/\/www.gonvarri.com\/en\/wp-json\/wp\/v2\/media?parent=28930"}],"curies":[{"name":"wp","href":"https:\/\/api.w.org\/{rel}","templated":true}]}}